{"id":256,"date":"2021-11-22T21:22:51","date_gmt":"2021-11-22T21:22:51","guid":{"rendered":"https:\/\/divi.webzy.pro\/carmenloo\/?page_id=256"},"modified":"2021-11-22T21:25:39","modified_gmt":"2021-11-22T21:25:39","slug":"taname-et-votsite-meiega-uhendust-votame-teiega-peatselt-uhendust","status":"publish","type":"page","link":"https:\/\/divi.webzy.pro\/carmenloo\/taname-et-votsite-meiega-uhendust-votame-teiega-peatselt-uhendust\/","title":{"rendered":"T\u00e4name, et v\u00f5tsite meiega \u00fchendust. V\u00f5tame teiega peatselt \u00fchendust!"},"content":{"rendered":"<p>[et_pb_section fb_built=&#8221;1&#8243; _builder_version=&#8221;4.10.4&#8243; _module_preset=&#8221;default&#8221;][\/et_pb_section]<\/p>\n<span class=\"et_bloom_bottom_trigger\"><\/span>","protected":false},"excerpt":{"rendered":"","protected":false},"author":157,"featured_media":0,"parent":0,"menu_order":0,"comment_status":"closed","ping_status":"closed","template":"","meta":{"_et_pb_use_builder":"on","_et_pb_old_content":"","_et_gb_content_width":"","footnotes":""},"class_list":["post-256","page","type-page","status-publish","hentry"],"yoast_head":"<!-- This site is optimized with the Yoast SEO plugin v23.8 - https:\/\/yoast.com\/wordpress\/plugins\/seo\/ -->\n<title>T\u00e4name, et v\u00f5tsite meiega \u00fchendust. V\u00f5tame teiega peatselt \u00fchendust! - webo<\/title>\n<meta name=\"robots\" content=\"index, follow, max-snippet:-1, max-image-preview:large, max-video-preview:-1\" \/>\n<link rel=\"canonical\" href=\"https:\/\/divi.webzy.pro\/carmenloo\/taname-et-votsite-meiega-uhendust-votame-teiega-peatselt-uhendust\/\" \/>\n<meta property=\"og:locale\" content=\"et_EE\" \/>\n<meta property=\"og:type\" content=\"article\" \/>\n<meta property=\"og:title\" content=\"T\u00e4name, et v\u00f5tsite meiega \u00fchendust. V\u00f5tame teiega peatselt \u00fchendust! - webo\" \/>\n<meta property=\"og:url\" content=\"https:\/\/divi.webzy.pro\/carmenloo\/taname-et-votsite-meiega-uhendust-votame-teiega-peatselt-uhendust\/\" \/>\n<meta property=\"og:site_name\" content=\"webo\" \/>\n<meta property=\"article:modified_time\" content=\"2021-11-22T21:25:39+00:00\" \/>\n<meta name=\"twitter:card\" content=\"summary_large_image\" \/>\n<script type=\"application\/ld+json\" class=\"yoast-schema-graph\">{\"@context\":\"https:\/\/schema.org\",\"@graph\":[{\"@type\":\"WebPage\",\"@id\":\"https:\/\/divi.webzy.pro\/carmenloo\/taname-et-votsite-meiega-uhendust-votame-teiega-peatselt-uhendust\/\",\"url\":\"https:\/\/divi.webzy.pro\/carmenloo\/taname-et-votsite-meiega-uhendust-votame-teiega-peatselt-uhendust\/\",\"name\":\"T\u00e4name, et v\u00f5tsite meiega \u00fchendust. V\u00f5tame teiega peatselt \u00fchendust! - webo\",\"isPartOf\":{\"@id\":\"https:\/\/divi.webzy.pro\/carmenloo\/#website\"},\"datePublished\":\"2021-11-22T21:22:51+00:00\",\"dateModified\":\"2021-11-22T21:25:39+00:00\",\"breadcrumb\":{\"@id\":\"https:\/\/divi.webzy.pro\/carmenloo\/taname-et-votsite-meiega-uhendust-votame-teiega-peatselt-uhendust\/#breadcrumb\"},\"inLanguage\":\"et\",\"potentialAction\":[{\"@type\":\"ReadAction\",\"target\":[\"https:\/\/divi.webzy.pro\/carmenloo\/taname-et-votsite-meiega-uhendust-votame-teiega-peatselt-uhendust\/\"]}]},{\"@type\":\"BreadcrumbList\",\"@id\":\"https:\/\/divi.webzy.pro\/carmenloo\/taname-et-votsite-meiega-uhendust-votame-teiega-peatselt-uhendust\/#breadcrumb\",\"itemListElement\":[{\"@type\":\"ListItem\",\"position\":1,\"name\":\"Home\",\"item\":\"https:\/\/divi.webzy.pro\/carmenloo\/\"},{\"@type\":\"ListItem\",\"position\":2,\"name\":\"T\u00e4name, et v\u00f5tsite meiega \u00fchendust. V\u00f5tame teiega peatselt \u00fchendust!\"}]},{\"@type\":\"WebSite\",\"@id\":\"https:\/\/divi.webzy.pro\/carmenloo\/#website\",\"url\":\"https:\/\/divi.webzy.pro\/carmenloo\/\",\"name\":\"webo\",\"description\":\"J\u00e4rjekordne Website 5 minutiga veebileht\",\"potentialAction\":[{\"@type\":\"SearchAction\",\"target\":{\"@type\":\"EntryPoint\",\"urlTemplate\":\"https:\/\/divi.webzy.pro\/carmenloo\/?s={search_term_string}\"},\"query-input\":{\"@type\":\"PropertyValueSpecification\",\"valueRequired\":true,\"valueName\":\"search_term_string\"}}],\"inLanguage\":\"et\"}]}<\/script>\n<!-- \/ Yoast SEO plugin. -->","yoast_head_json":{"title":"T\u00e4name, et v\u00f5tsite meiega \u00fchendust. V\u00f5tame teiega peatselt \u00fchendust! - webo","robots":{"index":"index","follow":"follow","max-snippet":"max-snippet:-1","max-image-preview":"max-image-preview:large","max-video-preview":"max-video-preview:-1"},"canonical":"https:\/\/divi.webzy.pro\/carmenloo\/taname-et-votsite-meiega-uhendust-votame-teiega-peatselt-uhendust\/","og_locale":"et_EE","og_type":"article","og_title":"T\u00e4name, et v\u00f5tsite meiega \u00fchendust. V\u00f5tame teiega peatselt \u00fchendust! - webo","og_url":"https:\/\/divi.webzy.pro\/carmenloo\/taname-et-votsite-meiega-uhendust-votame-teiega-peatselt-uhendust\/","og_site_name":"webo","article_modified_time":"2021-11-22T21:25:39+00:00","twitter_card":"summary_large_image","schema":{"@context":"https:\/\/schema.org","@graph":[{"@type":"WebPage","@id":"https:\/\/divi.webzy.pro\/carmenloo\/taname-et-votsite-meiega-uhendust-votame-teiega-peatselt-uhendust\/","url":"https:\/\/divi.webzy.pro\/carmenloo\/taname-et-votsite-meiega-uhendust-votame-teiega-peatselt-uhendust\/","name":"T\u00e4name, et v\u00f5tsite meiega \u00fchendust. V\u00f5tame teiega peatselt \u00fchendust! - webo","isPartOf":{"@id":"https:\/\/divi.webzy.pro\/carmenloo\/#website"},"datePublished":"2021-11-22T21:22:51+00:00","dateModified":"2021-11-22T21:25:39+00:00","breadcrumb":{"@id":"https:\/\/divi.webzy.pro\/carmenloo\/taname-et-votsite-meiega-uhendust-votame-teiega-peatselt-uhendust\/#breadcrumb"},"inLanguage":"et","potentialAction":[{"@type":"ReadAction","target":["https:\/\/divi.webzy.pro\/carmenloo\/taname-et-votsite-meiega-uhendust-votame-teiega-peatselt-uhendust\/"]}]},{"@type":"BreadcrumbList","@id":"https:\/\/divi.webzy.pro\/carmenloo\/taname-et-votsite-meiega-uhendust-votame-teiega-peatselt-uhendust\/#breadcrumb","itemListElement":[{"@type":"ListItem","position":1,"name":"Home","item":"https:\/\/divi.webzy.pro\/carmenloo\/"},{"@type":"ListItem","position":2,"name":"T\u00e4name, et v\u00f5tsite meiega \u00fchendust. V\u00f5tame teiega peatselt \u00fchendust!"}]},{"@type":"WebSite","@id":"https:\/\/divi.webzy.pro\/carmenloo\/#website","url":"https:\/\/divi.webzy.pro\/carmenloo\/","name":"webo","description":"J\u00e4rjekordne Website 5 minutiga veebileht","potentialAction":[{"@type":"SearchAction","target":{"@type":"EntryPoint","urlTemplate":"https:\/\/divi.webzy.pro\/carmenloo\/?s={search_term_string}"},"query-input":{"@type":"PropertyValueSpecification","valueRequired":true,"valueName":"search_term_string"}}],"inLanguage":"et"}]}},"_links":{"self":[{"href":"https:\/\/divi.webzy.pro\/carmenloo\/wp-json\/wp\/v2\/pages\/256","targetHints":{"allow":["GET"]}}],"collection":[{"href":"https:\/\/divi.webzy.pro\/carmenloo\/wp-json\/wp\/v2\/pages"}],"about":[{"href":"https:\/\/divi.webzy.pro\/carmenloo\/wp-json\/wp\/v2\/types\/page"}],"author":[{"embeddable":true,"href":"https:\/\/divi.webzy.pro\/carmenloo\/wp-json\/wp\/v2\/users\/157"}],"replies":[{"embeddable":true,"href":"https:\/\/divi.webzy.pro\/carmenloo\/wp-json\/wp\/v2\/comments?post=256"}],"version-history":[{"count":2,"href":"https:\/\/divi.webzy.pro\/carmenloo\/wp-json\/wp\/v2\/pages\/256\/revisions"}],"predecessor-version":[{"id":258,"href":"https:\/\/divi.webzy.pro\/carmenloo\/wp-json\/wp\/v2\/pages\/256\/revisions\/258"}],"wp:attachment":[{"href":"https:\/\/divi.webzy.pro\/carmenloo\/wp-json\/wp\/v2\/media?parent=256"}],"curies":[{"name":"wp","href":"https:\/\/api.w.org\/{rel}","templated":true}]}}