{"id":311,"date":"2021-06-28T22:37:43","date_gmt":"2021-06-28T22:37:43","guid":{"rendered":"https:\/\/divi.webzy.pro\/elois1234\/?page_id=311"},"modified":"2021-06-30T12:09:02","modified_gmt":"2021-06-30T12:09:02","slug":"contact","status":"publish","type":"page","link":"https:\/\/divi.webzy.pro\/elois1234\/contact\/","title":{"rendered":"Contact"},"content":{"rendered":"<p>[et_pb_section fb_built=&#8221;1&#8243; next_background_color=&#8221;#ffffff&#8221; admin_label=&#8221;Header&#8221; _builder_version=&#8221;4.4.9&#8243; background_color=&#8221;#8c9873&#8243; background_image=&#8221;https:\/\/divi.webzy.pro\/elois1234\/wp-content\/uploads\/sites\/24\/2021\/06\/herbal-remedy_65.png&#8221; background_size=&#8221;contain&#8221; background_position=&#8221;top_left&#8221; custom_margin=&#8221;||||false|false&#8221; custom_padding=&#8221;10vw||4vw||false|false&#8221; bottom_divider_style=&#8221;slant&#8221; bottom_divider_height=&#8221;39vw&#8221; bottom_divider_flip=&#8221;horizontal&#8221; locked=&#8221;off&#8221;][\/et_pb_section][et_pb_section fb_built=&#8221;1&#8243; _builder_version=&#8221;4.9.7&#8243; _module_preset=&#8221;default&#8221;][et_pb_row _builder_version=&#8221;4.9.7&#8243; _module_preset=&#8221;default&#8221;][et_pb_column type=&#8221;4_4&#8243; _builder_version=&#8221;4.9.7&#8243; _module_preset=&#8221;default&#8221;][et_pb_post_title _builder_version=&#8221;4.9.7&#8243; _module_preset=&#8221;default&#8221;][\/et_pb_post_title][\/et_pb_column][\/et_pb_row][\/et_pb_section][et_pb_section fb_built=&#8221;1&#8243; admin_label=&#8221;Contact&#8221; _builder_version=&#8221;4.4.9&#8243; custom_margin=&#8221;-22px|||||&#8221; custom_padding=&#8221;0px|||||&#8221;][et_pb_row column_structure=&#8221;3_5,2_5&#8243; _builder_version=&#8221;4.4.9&#8243;][et_pb_column type=&#8221;3_5&#8243; _builder_version=&#8221;4.4.7&#8243;][et_pb_contact_form captcha=&#8221;off&#8221; email=&#8221;hmocapital@gmail.com&#8221; use_redirect=&#8221;on&#8221; module_id=&#8221;et_pb_contact_form_0&#8243; _builder_version=&#8221;4.9.7&#8243; form_field_background_color=&#8221;rgba(0,0,0,0)&#8221; form_field_custom_margin=&#8221;||25px||false|false&#8221; form_field_custom_padding=&#8221;20px|20px|20px|20px|true|true&#8221; form_field_font=&#8221;Marcellus|700||on|||||&#8221; form_field_font_size=&#8221;14px&#8221; form_field_letter_spacing=&#8221;2px&#8221; custom_button=&#8221;on&#8221; button_text_size=&#8221;16px&#8221; button_text_color=&#8221;#ffffff&#8221; button_bg_color=&#8221;#333333&#8243; button_border_width=&#8221;0px&#8221; button_border_color=&#8221;#3d4a41&#8243; button_border_radius=&#8221;0px&#8221; button_letter_spacing=&#8221;2px&#8221; button_font=&#8221;Marcellus|700||on|||||&#8221; button_custom_padding=&#8221;15px|30px|15px|30px|true|true&#8221; text_orientation=&#8221;left&#8221; custom_margin=&#8221;21px|||||&#8221; hover_enabled=&#8221;0&#8243; border_width_all=&#8221;2px&#8221; border_color_all=&#8221;#e1d6c2&#8243; locked=&#8221;off&#8221; redirect_url=&#8221;https:\/\/divi.webzy.pro\/elois1234\/thank-you\/&#8221; sticky_enabled=&#8221;0&#8243;][et_pb_contact_field field_id=&#8221;Name&#8221; field_title=&#8221;Name&#8221; fullwidth_field=&#8221;on&#8221; _builder_version=&#8221;4.4.9&#8243; button_text_size__hover_enabled=&#8221;off&#8221; button_one_text_size__hover_enabled=&#8221;off&#8221; button_two_text_size__hover_enabled=&#8221;off&#8221; button_text_color__hover_enabled=&#8221;off&#8221; button_one_text_color__hover_enabled=&#8221;off&#8221; button_two_text_color__hover_enabled=&#8221;off&#8221; button_border_width__hover_enabled=&#8221;off&#8221; button_one_border_width__hover_enabled=&#8221;off&#8221; button_two_border_width__hover_enabled=&#8221;off&#8221; button_border_color__hover_enabled=&#8221;off&#8221; button_one_border_color__hover_enabled=&#8221;off&#8221; button_two_border_color__hover_enabled=&#8221;off&#8221; button_border_radius__hover_enabled=&#8221;off&#8221; button_one_border_radius__hover_enabled=&#8221;off&#8221; button_two_border_radius__hover_enabled=&#8221;off&#8221; button_letter_spacing__hover_enabled=&#8221;off&#8221; button_one_letter_spacing__hover_enabled=&#8221;off&#8221; button_two_letter_spacing__hover_enabled=&#8221;off&#8221; button_bg_color__hover_enabled=&#8221;off&#8221; button_one_bg_color__hover_enabled=&#8221;off&#8221; button_two_bg_color__hover_enabled=&#8221;off&#8221;][\/et_pb_contact_field][et_pb_contact_field field_id=&#8221;Email&#8221; field_title=&#8221;Email Address&#8221; field_type=&#8221;email&#8221; fullwidth_field=&#8221;on&#8221; _builder_version=&#8221;4.4.9&#8243; button_text_size__hover_enabled=&#8221;off&#8221; button_one_text_size__hover_enabled=&#8221;off&#8221; button_two_text_size__hover_enabled=&#8221;off&#8221; button_text_color__hover_enabled=&#8221;off&#8221; button_one_text_color__hover_enabled=&#8221;off&#8221; button_two_text_color__hover_enabled=&#8221;off&#8221; button_border_width__hover_enabled=&#8221;off&#8221; button_one_border_width__hover_enabled=&#8221;off&#8221; button_two_border_width__hover_enabled=&#8221;off&#8221; button_border_color__hover_enabled=&#8221;off&#8221; button_one_border_color__hover_enabled=&#8221;off&#8221; button_two_border_color__hover_enabled=&#8221;off&#8221; button_border_radius__hover_enabled=&#8221;off&#8221; button_one_border_radius__hover_enabled=&#8221;off&#8221; button_two_border_radius__hover_enabled=&#8221;off&#8221; button_letter_spacing__hover_enabled=&#8221;off&#8221; button_one_letter_spacing__hover_enabled=&#8221;off&#8221; button_two_letter_spacing__hover_enabled=&#8221;off&#8221; button_bg_color__hover_enabled=&#8221;off&#8221; button_one_bg_color__hover_enabled=&#8221;off&#8221; button_two_bg_color__hover_enabled=&#8221;off&#8221;][\/et_pb_contact_field][et_pb_contact_field field_id=&#8221;Message&#8221; field_title=&#8221;Message&#8221; field_type=&#8221;text&#8221; fullwidth_field=&#8221;on&#8221; _builder_version=&#8221;3.16&#8243; button_text_size__hover_enabled=&#8221;off&#8221; button_one_text_size__hover_enabled=&#8221;off&#8221; button_two_text_size__hover_enabled=&#8221;off&#8221; button_text_color__hover_enabled=&#8221;off&#8221; button_one_text_color__hover_enabled=&#8221;off&#8221; button_two_text_color__hover_enabled=&#8221;off&#8221; button_border_width__hover_enabled=&#8221;off&#8221; button_one_border_width__hover_enabled=&#8221;off&#8221; button_two_border_width__hover_enabled=&#8221;off&#8221; button_border_color__hover_enabled=&#8221;off&#8221; button_one_border_color__hover_enabled=&#8221;off&#8221; button_two_border_color__hover_enabled=&#8221;off&#8221; button_border_radius__hover_enabled=&#8221;off&#8221; button_one_border_radius__hover_enabled=&#8221;off&#8221; button_two_border_radius__hover_enabled=&#8221;off&#8221; button_letter_spacing__hover_enabled=&#8221;off&#8221; button_one_letter_spacing__hover_enabled=&#8221;off&#8221; button_two_letter_spacing__hover_enabled=&#8221;off&#8221; button_bg_color__hover_enabled=&#8221;off&#8221; button_one_bg_color__hover_enabled=&#8221;off&#8221; button_two_bg_color__hover_enabled=&#8221;off&#8221;][\/et_pb_contact_field][\/et_pb_contact_form][\/et_pb_column][et_pb_column type=&#8221;2_5&#8243; _builder_version=&#8221;4.4.7&#8243;][et_pb_text _builder_version=&#8221;4.9.7&#8243; link_font=&#8221;Marcellus||||||||&#8221; link_text_color=&#8221;#3d4a41&#8243; link_font_size=&#8221;40px&#8221; link_line_height=&#8221;1.2em&#8221; header_2_font=&#8221;Marcellus|700|||||||&#8221; header_2_text_color=&#8221;#3D4A41&#8243; header_2_font_size=&#8221;15px&#8221; header_2_line_height=&#8221;1.2em&#8221; header_3_font=&#8221;Marcellus|||on|||||&#8221; header_3_font_size=&#8221;18px&#8221; header_3_letter_spacing=&#8221;4px&#8221; header_3_line_height=&#8221;1.4em&#8221; custom_margin=&#8221;||||false|false&#8221; link_font_size_tablet=&#8221;30px&#8221; link_font_size_phone=&#8221;&#8221; link_font_size_last_edited=&#8221;on|desktop&#8221; header_3_font_size_tablet=&#8221;16px&#8221; header_3_font_size_phone=&#8221;16px&#8221; header_3_font_size_last_edited=&#8221;on|phone&#8221; locked=&#8221;off&#8221;]<\/p>\n<h3>Call Us<\/h3>\n<p><a href=\"#\">(+372) 56 349 039<\/a><\/p>\n<p>[\/et_pb_text][et_pb_text _builder_version=&#8221;4.9.7&#8243; text_font=&#8221;Marcellus||||||||&#8221; text_text_color=&#8221;#3D4A41&#8243; text_font_size=&#8221;18px&#8221; text_line_height=&#8221;1.8em&#8221; header_3_font=&#8221;Marcellus|700|||||||&#8221; header_3_text_color=&#8221;#3D4A41&#8243; header_3_font_size=&#8221;15px&#8221; header_3_line_height=&#8221;1.2em&#8221; locked=&#8221;off&#8221;]<\/p>\n<h3>Address<\/h3>\n<p><span>Aspazijas bulv\u0101ris 20, R\u012bga, LV-1050, Latvia<\/span><\/p>\n<p>[\/et_pb_text][\/et_pb_column][\/et_pb_row][et_pb_row _builder_version=&#8221;4.4.9&#8243; locked=&#8221;off&#8221;][et_pb_column type=&#8221;4_4&#8243; _builder_version=&#8221;4.4.3&#8243;][et_pb_map address=&#8221;Aspazijas bulv\u0101ris 20, R\u012bga, LV-1050, Latvia&#8221; zoom_level=&#8221;15&#8243; address_lat=&#8221;37.7749295&#8243; address_lng=&#8221;-122.4194155&#8243; mouse_wheel=&#8221;off&#8221; _builder_version=&#8221;4.9.7&#8243; filter_saturate=&#8221;0%&#8221;][et_pb_map_pin pin_address=&#8221;San Francisco, CA 94117, USA&#8221; zoom_level=&#8221;8&#8243; pin_address_lat=&#8221;37.7749295&#8243; pin_address_lng=&#8221;-122.43589499219&#8243; _builder_version=&#8221;4.5.0&#8243;][\/et_pb_map_pin][\/et_pb_map][\/et_pb_column][\/et_pb_row][\/et_pb_section][et_pb_section fb_built=&#8221;1&#8243; custom_padding_last_edited=&#8221;on|phone&#8221; admin_label=&#8221;Footer&#8221; _builder_version=&#8221;4.4.9&#8243; background_image=&#8221;https:\/\/divi.webzy.pro\/elois1234\/wp-content\/uploads\/sites\/24\/2021\/06\/herbal-remedy_63.jpg&#8221; background_size=&#8221;contain&#8221; background_position=&#8221;bottom_center&#8221; custom_margin=&#8221;||||false|false&#8221; custom_padding=&#8221;||12vw||false|false&#8221; custom_padding_tablet=&#8221;||22vw||false|false&#8221; custom_padding_phone=&#8221;&#8221; background_last_edited=&#8221;off|desktop&#8221; locked=&#8221;off&#8221;][et_pb_row custom_padding_last_edited=&#8221;on|phone&#8221; _builder_version=&#8221;4.4.9&#8243; custom_padding=&#8221;|||285px|false|false&#8221; custom_padding_tablet=&#8221;|||0px|false|false&#8221; custom_padding_phone=&#8221;|||0px|false|false&#8221;][et_pb_column type=&#8221;4_4&#8243; _builder_version=&#8221;4.4.7&#8243;][et_pb_signup mailchimp_list=&#8221;SlavaET|42d4a98af1&#8243; layout=&#8221;top_bottom&#8221; first_name_field=&#8221;off&#8221; last_name_field=&#8221;off&#8221; title=&#8221;Subscribe to Our Newsletter&#8221; button_text=&#8221;Susbcribe!&#8221; _builder_version=&#8221;4.4.9&#8243; header_font=&#8221;Marcellus||||||||&#8221; header_font_size=&#8221;40px&#8221; header_line_height=&#8221;1.8em&#8221; form_field_font=&#8221;Marcellus|||on|||||&#8221; form_field_font_size=&#8221;16px&#8221; form_field_letter_spacing=&#8221;2px&#8221; form_field_line_height=&#8221;1.8em&#8221; use_background_color=&#8221;off&#8221; custom_button=&#8221;on&#8221; button_text_size=&#8221;16px&#8221; button_text_color=&#8221;#ffffff&#8221; button_bg_color=&#8221;#333333&#8243; button_border_width=&#8221;2px&#8221; button_border_color=&#8221;#3d4a41&#8243; button_border_radius=&#8221;0px&#8221; button_letter_spacing=&#8221;4px&#8221; button_font=&#8221;Marcellus|700||on|||||&#8221; button_custom_padding=&#8221;15px||15px||true|false&#8221; background_layout=&#8221;light&#8221; header_font_size_tablet=&#8221;30px&#8221; header_font_size_phone=&#8221;24px&#8221; header_font_size_last_edited=&#8221;on|phone&#8221; border_radii_fields=&#8221;on|0px|0px|0px|0px&#8221; border_width_all_fields=&#8221;2px&#8221; border_color_all_fields=&#8221;#E1D6C2&#8243;][\/et_pb_signup][\/et_pb_column][\/et_pb_row][et_pb_row column_structure=&#8221;1_3,1_3,1_3&#8243; custom_padding_last_edited=&#8221;on|tablet&#8221; _builder_version=&#8221;4.4.9&#8243; custom_padding=&#8221;|||285px|false|false&#8221; custom_padding_tablet=&#8221;|||0px|false|false&#8221; custom_padding_phone=&#8221;&#8221; locked=&#8221;off&#8221;][et_pb_column type=&#8221;1_3&#8243; _builder_version=&#8221;4.4.7&#8243;][et_pb_text _builder_version=&#8221;4.9.7&#8243; text_font=&#8221;Marcellus||||||||&#8221; text_text_color=&#8221;#3D4A41&#8243; text_font_size=&#8221;16px&#8221; header_2_font=&#8221;Marcellus|700|||||||&#8221; header_2_text_color=&#8221;#3D4A41&#8243; header_2_font_size=&#8221;15px&#8221; header_2_line_height=&#8221;1.2em&#8221; text_font_size_tablet=&#8221;14px&#8221; text_font_size_phone=&#8221;&#8221; text_font_size_last_edited=&#8221;on|desktop&#8221; locked=&#8221;off&#8221;]<\/p>\n<h2>Address<\/h2>\n<p><span>Aspazijas bulv\u0101ris 20, R\u012bga, LV-1050, Latvia<\/span><\/p>\n<p>[\/et_pb_text][\/et_pb_column][et_pb_column type=&#8221;1_3&#8243; _builder_version=&#8221;4.4.7&#8243;][et_pb_text _builder_version=&#8221;4.9.7&#8243; text_font=&#8221;Marcellus||||||||&#8221; text_text_color=&#8221;#3D4A41&#8243; text_font_size=&#8221;16px&#8221; link_text_color=&#8221;#000000&#8243; header_2_font=&#8221;Marcellus|700|||||||&#8221; header_2_text_color=&#8221;#3D4A41&#8243; header_2_font_size=&#8221;15px&#8221; header_2_line_height=&#8221;1.2em&#8221; text_font_size_tablet=&#8221;14px&#8221; text_font_size_phone=&#8221;&#8221; text_font_size_last_edited=&#8221;on|desktop&#8221; locked=&#8221;off&#8221;]<\/p>\n<h2>Email<\/h2>\n<p><a href=\"#\">hmocapital@gmail.com<\/a><\/p>\n<p>[\/et_pb_text][et_pb_text _builder_version=&#8221;4.9.7&#8243; text_font=&#8221;Marcellus||||||||&#8221; text_text_color=&#8221;#3D4A41&#8243; text_font_size=&#8221;16px&#8221; header_2_font=&#8221;Marcellus|700|||||||&#8221; header_2_text_color=&#8221;#3D4A41&#8243; header_2_font_size=&#8221;15px&#8221; header_2_line_height=&#8221;1.2em&#8221; text_font_size_tablet=&#8221;14px&#8221; text_font_size_phone=&#8221;&#8221; text_font_size_last_edited=&#8221;on|desktop&#8221; locked=&#8221;off&#8221;]<\/p>\n<h2>Phone<\/h2>\n<p>(+372) 56 349 039<\/p>\n<p>[\/et_pb_text][\/et_pb_column][et_pb_column type=&#8221;1_3&#8243; _builder_version=&#8221;4.4.7&#8243;][\/et_pb_column][\/et_pb_row][\/et_pb_section]<\/p>\n<span class=\"et_bloom_bottom_trigger\"><\/span>","protected":false},"excerpt":{"rendered":"<p>Call Us (+372) 56 349 039Address Aspazijas bulv\u0101ris 20, R\u012bga, LV-1050, LatviaAddress Aspazijas bulv\u0101ris 20, R\u012bga, LV-1050, LatviaEmail hmocapital@gmail.comPhone (+372) 56 349 039<\/p>\n","protected":false},"author":19,"featured_media":0,"parent":0,"menu_order":0,"comment_status":"closed","ping_status":"closed","template":"","meta":{"_et_pb_use_builder":"on","_et_pb_old_content":"","_et_gb_content_width":"","footnotes":""},"class_list":["post-311","page","type-page","status-publish","hentry"],"yoast_head":"<!-- This site is optimized with the Yoast SEO plugin v23.8 - https:\/\/yoast.com\/wordpress\/plugins\/seo\/ -->\n<title>Contact - HERBAL WORLD<\/title>\n<meta name=\"robots\" content=\"index, follow, max-snippet:-1, max-image-preview:large, max-video-preview:-1\" \/>\n<link rel=\"canonical\" href=\"https:\/\/divi.webzy.pro\/elois1234\/contact\/\" \/>\n<meta property=\"og:locale\" content=\"et_EE\" \/>\n<meta property=\"og:type\" content=\"article\" \/>\n<meta property=\"og:title\" content=\"Contact - HERBAL WORLD\" \/>\n<meta property=\"og:description\" content=\"Call Us (+372) 56 349 039Address Aspazijas bulv\u0101ris 20, R\u012bga, LV-1050, LatviaAddress Aspazijas bulv\u0101ris 20, R\u012bga, LV-1050, LatviaEmail hmocapital@gmail.comPhone (+372) 56 349 039\" \/>\n<meta property=\"og:url\" content=\"https:\/\/divi.webzy.pro\/elois1234\/contact\/\" \/>\n<meta property=\"og:site_name\" content=\"HERBAL WORLD\" \/>\n<meta property=\"article:modified_time\" content=\"2021-06-30T12:09:02+00:00\" \/>\n<meta name=\"twitter:card\" content=\"summary_large_image\" \/>\n<script type=\"application\/ld+json\" class=\"yoast-schema-graph\">{\"@context\":\"https:\/\/schema.org\",\"@graph\":[{\"@type\":\"WebPage\",\"@id\":\"https:\/\/divi.webzy.pro\/elois1234\/contact\/\",\"url\":\"https:\/\/divi.webzy.pro\/elois1234\/contact\/\",\"name\":\"Contact - HERBAL WORLD\",\"isPartOf\":{\"@id\":\"https:\/\/divi.webzy.pro\/elois1234\/#website\"},\"datePublished\":\"2021-06-28T22:37:43+00:00\",\"dateModified\":\"2021-06-30T12:09:02+00:00\",\"breadcrumb\":{\"@id\":\"https:\/\/divi.webzy.pro\/elois1234\/contact\/#breadcrumb\"},\"inLanguage\":\"et\",\"potentialAction\":[{\"@type\":\"ReadAction\",\"target\":[\"https:\/\/divi.webzy.pro\/elois1234\/contact\/\"]}]},{\"@type\":\"BreadcrumbList\",\"@id\":\"https:\/\/divi.webzy.pro\/elois1234\/contact\/#breadcrumb\",\"itemListElement\":[{\"@type\":\"ListItem\",\"position\":1,\"name\":\"Home\",\"item\":\"https:\/\/divi.webzy.pro\/elois1234\/\"},{\"@type\":\"ListItem\",\"position\":2,\"name\":\"Contact\"}]},{\"@type\":\"WebSite\",\"@id\":\"https:\/\/divi.webzy.pro\/elois1234\/#website\",\"url\":\"https:\/\/divi.webzy.pro\/elois1234\/\",\"name\":\"HERBAL WORLD\",\"description\":\"Just another Website in 5 minutes Sites site\",\"potentialAction\":[{\"@type\":\"SearchAction\",\"target\":{\"@type\":\"EntryPoint\",\"urlTemplate\":\"https:\/\/divi.webzy.pro\/elois1234\/?s={search_term_string}\"},\"query-input\":{\"@type\":\"PropertyValueSpecification\",\"valueRequired\":true,\"valueName\":\"search_term_string\"}}],\"inLanguage\":\"et\"}]}<\/script>\n<!-- \/ Yoast SEO plugin. -->","yoast_head_json":{"title":"Contact - HERBAL WORLD","robots":{"index":"index","follow":"follow","max-snippet":"max-snippet:-1","max-image-preview":"max-image-preview:large","max-video-preview":"max-video-preview:-1"},"canonical":"https:\/\/divi.webzy.pro\/elois1234\/contact\/","og_locale":"et_EE","og_type":"article","og_title":"Contact - HERBAL WORLD","og_description":"Call Us (+372) 56 349 039Address Aspazijas bulv\u0101ris 20, R\u012bga, LV-1050, LatviaAddress Aspazijas bulv\u0101ris 20, R\u012bga, LV-1050, LatviaEmail hmocapital@gmail.comPhone (+372) 56 349 039","og_url":"https:\/\/divi.webzy.pro\/elois1234\/contact\/","og_site_name":"HERBAL WORLD","article_modified_time":"2021-06-30T12:09:02+00:00","twitter_card":"summary_large_image","schema":{"@context":"https:\/\/schema.org","@graph":[{"@type":"WebPage","@id":"https:\/\/divi.webzy.pro\/elois1234\/contact\/","url":"https:\/\/divi.webzy.pro\/elois1234\/contact\/","name":"Contact - HERBAL WORLD","isPartOf":{"@id":"https:\/\/divi.webzy.pro\/elois1234\/#website"},"datePublished":"2021-06-28T22:37:43+00:00","dateModified":"2021-06-30T12:09:02+00:00","breadcrumb":{"@id":"https:\/\/divi.webzy.pro\/elois1234\/contact\/#breadcrumb"},"inLanguage":"et","potentialAction":[{"@type":"ReadAction","target":["https:\/\/divi.webzy.pro\/elois1234\/contact\/"]}]},{"@type":"BreadcrumbList","@id":"https:\/\/divi.webzy.pro\/elois1234\/contact\/#breadcrumb","itemListElement":[{"@type":"ListItem","position":1,"name":"Home","item":"https:\/\/divi.webzy.pro\/elois1234\/"},{"@type":"ListItem","position":2,"name":"Contact"}]},{"@type":"WebSite","@id":"https:\/\/divi.webzy.pro\/elois1234\/#website","url":"https:\/\/divi.webzy.pro\/elois1234\/","name":"HERBAL WORLD","description":"Just another Website in 5 minutes Sites site","potentialAction":[{"@type":"SearchAction","target":{"@type":"EntryPoint","urlTemplate":"https:\/\/divi.webzy.pro\/elois1234\/?s={search_term_string}"},"query-input":{"@type":"PropertyValueSpecification","valueRequired":true,"valueName":"search_term_string"}}],"inLanguage":"et"}]}},"_links":{"self":[{"href":"https:\/\/divi.webzy.pro\/elois1234\/wp-json\/wp\/v2\/pages\/311","targetHints":{"allow":["GET"]}}],"collection":[{"href":"https:\/\/divi.webzy.pro\/elois1234\/wp-json\/wp\/v2\/pages"}],"about":[{"href":"https:\/\/divi.webzy.pro\/elois1234\/wp-json\/wp\/v2\/types\/page"}],"author":[{"embeddable":true,"href":"https:\/\/divi.webzy.pro\/elois1234\/wp-json\/wp\/v2\/users\/19"}],"replies":[{"embeddable":true,"href":"https:\/\/divi.webzy.pro\/elois1234\/wp-json\/wp\/v2\/comments?post=311"}],"version-history":[{"count":8,"href":"https:\/\/divi.webzy.pro\/elois1234\/wp-json\/wp\/v2\/pages\/311\/revisions"}],"predecessor-version":[{"id":344,"href":"https:\/\/divi.webzy.pro\/elois1234\/wp-json\/wp\/v2\/pages\/311\/revisions\/344"}],"wp:attachment":[{"href":"https:\/\/divi.webzy.pro\/elois1234\/wp-json\/wp\/v2\/media?parent=311"}],"curies":[{"name":"wp","href":"https:\/\/api.w.org\/{rel}","templated":true}]}}