{"id":23,"date":"2021-11-18T08:45:12","date_gmt":"2021-11-18T08:45:12","guid":{"rendered":"https:\/\/divi.webzy.pro\/gasmaskmonkart\/?page_id=23"},"modified":"2021-11-18T13:04:30","modified_gmt":"2021-11-18T13:04:30","slug":"paintspills","status":"publish","type":"page","link":"https:\/\/divi.webzy.pro\/gasmaskmonkart\/paintspills\/","title":{"rendered":"Paint spills"},"content":{"rendered":"<p>[et_pb_section fb_built=&#8221;1&#8243; admin_label=&#8221;Paint spills&#8221; _builder_version=&#8221;4.10.4&#8243; _module_preset=&#8221;default&#8221; custom_padding=&#8221;||283px|||&#8221; global_colors_info=&#8221;{}&#8221;][et_pb_row _builder_version=&#8221;4.10.4&#8243; _module_preset=&#8221;default&#8221; hover_enabled=&#8221;0&#8243; global_colors_info=&#8221;{}&#8221; admin_label=&#8221;Row&#8221; sticky_enabled=&#8221;0&#8243;][et_pb_column type=&#8221;4_4&#8243; _builder_version=&#8221;4.10.4&#8243; _module_preset=&#8221;default&#8221; global_colors_info=&#8221;{}&#8221;][et_pb_image src=&#8221;https:\/\/divi.webzy.pro\/gasmaskmonkart\/wp-content\/uploads\/sites\/192\/2021\/11\/IMG_1444-scaled.jpg&#8221; title_text=&#8221;2&#8243; admin_label=&#8221;Image&#8221; _builder_version=&#8221;4.10.4&#8243; _module_preset=&#8221;default&#8221; global_colors_info=&#8221;{}&#8221;][\/et_pb_image][\/et_pb_column][\/et_pb_row][et_pb_row _builder_version=&#8221;4.10.4&#8243; _module_preset=&#8221;default&#8221; global_colors_info=&#8221;{}&#8221;][et_pb_column type=&#8221;4_4&#8243; _builder_version=&#8221;4.10.4&#8243; _module_preset=&#8221;default&#8221; global_colors_info=&#8221;{}&#8221;][et_pb_image src=&#8221;https:\/\/divi.webzy.pro\/gasmaskmonkart\/wp-content\/uploads\/sites\/192\/2021\/11\/IMG_1447-scaled.jpg&#8221; title_text=&#8221;1&#8243; _builder_version=&#8221;4.10.4&#8243; _module_preset=&#8221;default&#8221; global_colors_info=&#8221;{}&#8221;][\/et_pb_image][\/et_pb_column][\/et_pb_row][et_pb_row _builder_version=&#8221;4.10.4&#8243; _module_preset=&#8221;default&#8221; global_colors_info=&#8221;{}&#8221;][et_pb_column type=&#8221;4_4&#8243; _builder_version=&#8221;4.10.4&#8243; _module_preset=&#8221;default&#8221; global_colors_info=&#8221;{}&#8221;][et_pb_image src=&#8221;https:\/\/divi.webzy.pro\/gasmaskmonkart\/wp-content\/uploads\/sites\/192\/2021\/11\/IMG_1436-scaled.jpg&#8221; title_text=&#8221;3&#8243; _builder_version=&#8221;4.10.4&#8243; _module_preset=&#8221;default&#8221; global_colors_info=&#8221;{}&#8221;][\/et_pb_image][\/et_pb_column][\/et_pb_row][et_pb_row _builder_version=&#8221;4.10.4&#8243; _module_preset=&#8221;default&#8221; global_colors_info=&#8221;{}&#8221;][et_pb_column type=&#8221;4_4&#8243; _builder_version=&#8221;4.10.4&#8243; _module_preset=&#8221;default&#8221; global_colors_info=&#8221;{}&#8221;][et_pb_image src=&#8221;https:\/\/divi.webzy.pro\/gasmaskmonkart\/wp-content\/uploads\/sites\/192\/2021\/11\/IMG_1428-scaled.jpg&#8221; title_text=&#8221;4&#8243; _builder_version=&#8221;4.10.4&#8243; _module_preset=&#8221;default&#8221; global_colors_info=&#8221;{}&#8221;][\/et_pb_image][\/et_pb_column][\/et_pb_row][et_pb_row _builder_version=&#8221;4.10.4&#8243; _module_preset=&#8221;default&#8221; global_colors_info=&#8221;{}&#8221;][et_pb_column type=&#8221;4_4&#8243; _builder_version=&#8221;4.10.4&#8243; _module_preset=&#8221;default&#8221; global_colors_info=&#8221;{}&#8221;][et_pb_image src=&#8221;https:\/\/divi.webzy.pro\/gasmaskmonkart\/wp-content\/uploads\/sites\/192\/2021\/11\/IMG_1415-scaled.jpg&#8221; title_text=&#8221;5&#8243; _builder_version=&#8221;4.10.4&#8243; _module_preset=&#8221;default&#8221; global_colors_info=&#8221;{}&#8221;][\/et_pb_image][\/et_pb_column][\/et_pb_row][et_pb_row _builder_version=&#8221;4.10.4&#8243; _module_preset=&#8221;default&#8221; global_colors_info=&#8221;{}&#8221;][et_pb_column type=&#8221;4_4&#8243; _builder_version=&#8221;4.10.4&#8243; _module_preset=&#8221;default&#8221; global_colors_info=&#8221;{}&#8221;][et_pb_image src=&#8221;https:\/\/divi.webzy.pro\/gasmaskmonkart\/wp-content\/uploads\/sites\/192\/2021\/11\/IMG_1411-scaled.jpg&#8221; title_text=&#8221;6&#8243; _builder_version=&#8221;4.10.4&#8243; _module_preset=&#8221;default&#8221; global_colors_info=&#8221;{}&#8221;][\/et_pb_image][\/et_pb_column][\/et_pb_row][\/et_pb_section]<\/p>\n<span class=\"et_bloom_bottom_trigger\"><\/span>","protected":false},"excerpt":{"rendered":"","protected":false},"author":160,"featured_media":0,"parent":0,"menu_order":0,"comment_status":"closed","ping_status":"closed","template":"","meta":{"_et_pb_use_builder":"on","_et_pb_old_content":"","_et_gb_content_width":"","footnotes":""},"class_list":["post-23","page","type-page","status-publish","hentry"],"yoast_head":"<!-- This site is optimized with the Yoast SEO plugin v23.8 - https:\/\/yoast.com\/wordpress\/plugins\/seo\/ -->\n<title>paint spills through the glasses with kaleidoscope vision<\/title>\n<meta name=\"description\" content=\"Years of practice and self learned paint therapy. Twisting and twirling the reality. While acrylic paint pours on the canvas doing tricks.\" \/>\n<meta name=\"robots\" content=\"index, follow, max-snippet:-1, max-image-preview:large, max-video-preview:-1\" \/>\n<link rel=\"canonical\" href=\"https:\/\/divi.webzy.pro\/gasmaskmonkart\/paintspills\/\" \/>\n<meta property=\"og:locale\" content=\"et_EE\" \/>\n<meta property=\"og:type\" content=\"article\" \/>\n<meta property=\"og:title\" content=\"paint spills through the glasses with kaleidoscope vision\" \/>\n<meta property=\"og:description\" content=\"Years of practice and self learned paint therapy. Twisting and twirling the reality. While acrylic paint pours on the canvas doing tricks.\" \/>\n<meta property=\"og:url\" content=\"https:\/\/divi.webzy.pro\/gasmaskmonkart\/paintspills\/\" \/>\n<meta property=\"og:site_name\" content=\"M\u00e4rt Laanem\u00e4e gallery\" \/>\n<meta property=\"article:modified_time\" content=\"2021-11-18T13:04:30+00:00\" \/>\n<meta name=\"twitter:card\" content=\"summary_large_image\" \/>\n<meta name=\"twitter:label1\" content=\"Est. reading time\" \/>\n\t<meta name=\"twitter:data1\" content=\"1 minut\" \/>\n<script type=\"application\/ld+json\" class=\"yoast-schema-graph\">{\"@context\":\"https:\/\/schema.org\",\"@graph\":[{\"@type\":\"WebPage\",\"@id\":\"https:\/\/divi.webzy.pro\/gasmaskmonkart\/paintspills\/\",\"url\":\"https:\/\/divi.webzy.pro\/gasmaskmonkart\/paintspills\/\",\"name\":\"paint spills through the glasses with kaleidoscope vision\",\"isPartOf\":{\"@id\":\"https:\/\/divi.webzy.pro\/gasmaskmonkart\/#website\"},\"datePublished\":\"2021-11-18T08:45:12+00:00\",\"dateModified\":\"2021-11-18T13:04:30+00:00\",\"description\":\"Years of practice and self learned paint therapy. Twisting and twirling the reality. While acrylic paint pours on the canvas doing tricks.\",\"breadcrumb\":{\"@id\":\"https:\/\/divi.webzy.pro\/gasmaskmonkart\/paintspills\/#breadcrumb\"},\"inLanguage\":\"et\",\"potentialAction\":[{\"@type\":\"ReadAction\",\"target\":[\"https:\/\/divi.webzy.pro\/gasmaskmonkart\/paintspills\/\"]}]},{\"@type\":\"BreadcrumbList\",\"@id\":\"https:\/\/divi.webzy.pro\/gasmaskmonkart\/paintspills\/#breadcrumb\",\"itemListElement\":[{\"@type\":\"ListItem\",\"position\":1,\"name\":\"Home\",\"item\":\"https:\/\/divi.webzy.pro\/gasmaskmonkart\/\"},{\"@type\":\"ListItem\",\"position\":2,\"name\":\"Paint spills\"}]},{\"@type\":\"WebSite\",\"@id\":\"https:\/\/divi.webzy.pro\/gasmaskmonkart\/#website\",\"url\":\"https:\/\/divi.webzy.pro\/gasmaskmonkart\/\",\"name\":\"M\u00e4rt Laanem\u00e4e gallery\",\"description\":\"J\u00e4rjekordne Website 5 minutiga veebileht\",\"potentialAction\":[{\"@type\":\"SearchAction\",\"target\":{\"@type\":\"EntryPoint\",\"urlTemplate\":\"https:\/\/divi.webzy.pro\/gasmaskmonkart\/?s={search_term_string}\"},\"query-input\":{\"@type\":\"PropertyValueSpecification\",\"valueRequired\":true,\"valueName\":\"search_term_string\"}}],\"inLanguage\":\"et\"}]}<\/script>\n<!-- \/ Yoast SEO plugin. -->","yoast_head_json":{"title":"paint spills through the glasses with kaleidoscope vision","description":"Years of practice and self learned paint therapy. Twisting and twirling the reality. While acrylic paint pours on the canvas doing tricks.","robots":{"index":"index","follow":"follow","max-snippet":"max-snippet:-1","max-image-preview":"max-image-preview:large","max-video-preview":"max-video-preview:-1"},"canonical":"https:\/\/divi.webzy.pro\/gasmaskmonkart\/paintspills\/","og_locale":"et_EE","og_type":"article","og_title":"paint spills through the glasses with kaleidoscope vision","og_description":"Years of practice and self learned paint therapy. Twisting and twirling the reality. While acrylic paint pours on the canvas doing tricks.","og_url":"https:\/\/divi.webzy.pro\/gasmaskmonkart\/paintspills\/","og_site_name":"M\u00e4rt Laanem\u00e4e gallery","article_modified_time":"2021-11-18T13:04:30+00:00","twitter_card":"summary_large_image","twitter_misc":{"Est. reading time":"1 minut"},"schema":{"@context":"https:\/\/schema.org","@graph":[{"@type":"WebPage","@id":"https:\/\/divi.webzy.pro\/gasmaskmonkart\/paintspills\/","url":"https:\/\/divi.webzy.pro\/gasmaskmonkart\/paintspills\/","name":"paint spills through the glasses with kaleidoscope vision","isPartOf":{"@id":"https:\/\/divi.webzy.pro\/gasmaskmonkart\/#website"},"datePublished":"2021-11-18T08:45:12+00:00","dateModified":"2021-11-18T13:04:30+00:00","description":"Years of practice and self learned paint therapy. Twisting and twirling the reality. While acrylic paint pours on the canvas doing tricks.","breadcrumb":{"@id":"https:\/\/divi.webzy.pro\/gasmaskmonkart\/paintspills\/#breadcrumb"},"inLanguage":"et","potentialAction":[{"@type":"ReadAction","target":["https:\/\/divi.webzy.pro\/gasmaskmonkart\/paintspills\/"]}]},{"@type":"BreadcrumbList","@id":"https:\/\/divi.webzy.pro\/gasmaskmonkart\/paintspills\/#breadcrumb","itemListElement":[{"@type":"ListItem","position":1,"name":"Home","item":"https:\/\/divi.webzy.pro\/gasmaskmonkart\/"},{"@type":"ListItem","position":2,"name":"Paint spills"}]},{"@type":"WebSite","@id":"https:\/\/divi.webzy.pro\/gasmaskmonkart\/#website","url":"https:\/\/divi.webzy.pro\/gasmaskmonkart\/","name":"M\u00e4rt Laanem\u00e4e gallery","description":"J\u00e4rjekordne Website 5 minutiga veebileht","potentialAction":[{"@type":"SearchAction","target":{"@type":"EntryPoint","urlTemplate":"https:\/\/divi.webzy.pro\/gasmaskmonkart\/?s={search_term_string}"},"query-input":{"@type":"PropertyValueSpecification","valueRequired":true,"valueName":"search_term_string"}}],"inLanguage":"et"}]}},"_links":{"self":[{"href":"https:\/\/divi.webzy.pro\/gasmaskmonkart\/wp-json\/wp\/v2\/pages\/23","targetHints":{"allow":["GET"]}}],"collection":[{"href":"https:\/\/divi.webzy.pro\/gasmaskmonkart\/wp-json\/wp\/v2\/pages"}],"about":[{"href":"https:\/\/divi.webzy.pro\/gasmaskmonkart\/wp-json\/wp\/v2\/types\/page"}],"author":[{"embeddable":true,"href":"https:\/\/divi.webzy.pro\/gasmaskmonkart\/wp-json\/wp\/v2\/users\/160"}],"replies":[{"embeddable":true,"href":"https:\/\/divi.webzy.pro\/gasmaskmonkart\/wp-json\/wp\/v2\/comments?post=23"}],"version-history":[{"count":6,"href":"https:\/\/divi.webzy.pro\/gasmaskmonkart\/wp-json\/wp\/v2\/pages\/23\/revisions"}],"predecessor-version":[{"id":267,"href":"https:\/\/divi.webzy.pro\/gasmaskmonkart\/wp-json\/wp\/v2\/pages\/23\/revisions\/267"}],"wp:attachment":[{"href":"https:\/\/divi.webzy.pro\/gasmaskmonkart\/wp-json\/wp\/v2\/media?parent=23"}],"curies":[{"name":"wp","href":"https:\/\/api.w.org\/{rel}","templated":true}]}}