{"id":25,"date":"2021-11-18T08:45:27","date_gmt":"2021-11-18T08:45:27","guid":{"rendered":"https:\/\/divi.webzy.pro\/gasmaskmonkart\/?page_id=25"},"modified":"2021-11-19T07:59:21","modified_gmt":"2021-11-19T07:59:21","slug":"breathtakingartwork","status":"publish","type":"page","link":"https:\/\/divi.webzy.pro\/gasmaskmonkart\/breathtakingartwork\/","title":{"rendered":"Breathtaking artwork"},"content":{"rendered":"<p>[et_pb_section fb_built=&#8221;1&#8243; admin_label=&#8221;section&#8221; _builder_version=&#8221;3.22&#8243; global_colors_info=&#8221;{}&#8221;][et_pb_row admin_label=&#8221;row&#8221; _builder_version=&#8221;3.25&#8243; background_size=&#8221;initial&#8221; background_position=&#8221;top_left&#8221; background_repeat=&#8221;repeat&#8221; global_colors_info=&#8221;{}&#8221;][et_pb_column type=&#8221;4_4&#8243; _builder_version=&#8221;3.25&#8243; custom_padding=&#8221;|||&#8221; global_colors_info=&#8221;{}&#8221; custom_padding__hover=&#8221;|||&#8221;][et_pb_text admin_label=&#8221;Breathtaking artwork&#8221; _builder_version=&#8221;3.27.4&#8243; background_size=&#8221;initial&#8221; background_position=&#8221;top_left&#8221; background_repeat=&#8221;repeat&#8221; global_colors_info=&#8221;{}&#8221;][\/et_pb_text][et_pb_text admin_label=&#8221;Text&#8221; _builder_version=&#8221;4.10.4&#8243; _module_preset=&#8221;default&#8221; custom_padding=&#8221;39px|||||&#8221; global_colors_info=&#8221;{}&#8221;]<\/p>\n<h3>You woke up in the middle of the dream realizing there are crop circles on the carpet and the paintings on the wall started breathing<\/h3>\n<p>[\/et_pb_text][et_pb_text _builder_version=&#8221;4.10.4&#8243; _module_preset=&#8221;default&#8221; global_colors_info=&#8221;{}&#8221;]<\/p>\n<h1>Breathtaking artwork 1<\/h1>\n<p>[\/et_pb_text][\/et_pb_column][\/et_pb_row][et_pb_row _builder_version=&#8221;4.10.4&#8243; _module_preset=&#8221;default&#8221; global_colors_info=&#8221;{}&#8221;][et_pb_column type=&#8221;4_4&#8243; _builder_version=&#8221;4.10.4&#8243; _module_preset=&#8221;default&#8221; global_colors_info=&#8221;{}&#8221;][et_pb_image src=&#8221;https:\/\/divi.webzy.pro\/gasmaskmonkart\/wp-content\/uploads\/sites\/192\/2021\/11\/5-scaled.jpg&#8221; title_text=&#8221;5&#8243; _builder_version=&#8221;4.10.4&#8243; _module_preset=&#8221;default&#8221; global_colors_info=&#8221;{}&#8221;][\/et_pb_image][\/et_pb_column][\/et_pb_row][et_pb_row _builder_version=&#8221;4.10.4&#8243; _module_preset=&#8221;default&#8221; global_colors_info=&#8221;{}&#8221;][et_pb_column type=&#8221;4_4&#8243; _builder_version=&#8221;4.10.4&#8243; _module_preset=&#8221;default&#8221; global_colors_info=&#8221;{}&#8221;][et_pb_text _builder_version=&#8221;4.10.4&#8243; _module_preset=&#8221;default&#8221; global_colors_info=&#8221;{}&#8221;]<\/p>\n<h1>Breathtaking artwork 2<\/h1>\n<p>[\/et_pb_text][\/et_pb_column][\/et_pb_row][et_pb_row _builder_version=&#8221;4.10.4&#8243; _module_preset=&#8221;default&#8221; global_colors_info=&#8221;{}&#8221;][et_pb_column type=&#8221;4_4&#8243; _builder_version=&#8221;4.10.4&#8243; _module_preset=&#8221;default&#8221; global_colors_info=&#8221;{}&#8221;][et_pb_image src=&#8221;https:\/\/divi.webzy.pro\/gasmaskmonkart\/wp-content\/uploads\/sites\/192\/2021\/11\/6-scaled.jpg&#8221; title_text=&#8221;6&#8243; _builder_version=&#8221;4.10.4&#8243; _module_preset=&#8221;default&#8221; global_colors_info=&#8221;{}&#8221;][\/et_pb_image][\/et_pb_column][\/et_pb_row][et_pb_row _builder_version=&#8221;4.10.4&#8243; _module_preset=&#8221;default&#8221; global_colors_info=&#8221;{}&#8221;][et_pb_column type=&#8221;4_4&#8243; _builder_version=&#8221;4.10.4&#8243; _module_preset=&#8221;default&#8221; global_colors_info=&#8221;{}&#8221;][et_pb_text _builder_version=&#8221;4.10.4&#8243; _module_preset=&#8221;default&#8221; global_colors_info=&#8221;{}&#8221;]<\/p>\n<h1>Breathtaking artwork 3<\/h1>\n<p>[\/et_pb_text][\/et_pb_column][\/et_pb_row][et_pb_row _builder_version=&#8221;4.10.4&#8243; _module_preset=&#8221;default&#8221; global_colors_info=&#8221;{}&#8221;][et_pb_column type=&#8221;4_4&#8243; _builder_version=&#8221;4.10.4&#8243; _module_preset=&#8221;default&#8221; global_colors_info=&#8221;{}&#8221;][et_pb_image src=&#8221;https:\/\/divi.webzy.pro\/gasmaskmonkart\/wp-content\/uploads\/sites\/192\/2021\/11\/15-scaled.jpg&#8221; title_text=&#8221;15&#8243; _builder_version=&#8221;4.10.4&#8243; _module_preset=&#8221;default&#8221; global_colors_info=&#8221;{}&#8221;][\/et_pb_image][\/et_pb_column][\/et_pb_row][et_pb_row _builder_version=&#8221;4.10.4&#8243; _module_preset=&#8221;default&#8221; global_colors_info=&#8221;{}&#8221;][et_pb_column type=&#8221;4_4&#8243; _builder_version=&#8221;4.10.4&#8243; _module_preset=&#8221;default&#8221; global_colors_info=&#8221;{}&#8221;][et_pb_text _builder_version=&#8221;4.10.4&#8243; _module_preset=&#8221;default&#8221; global_colors_info=&#8221;{}&#8221;]<\/p>\n<h1>Breathtaking artwork 4<\/h1>\n<p>[\/et_pb_text][\/et_pb_column][\/et_pb_row][et_pb_row _builder_version=&#8221;4.10.4&#8243; _module_preset=&#8221;default&#8221; global_colors_info=&#8221;{}&#8221;][et_pb_column type=&#8221;4_4&#8243; _builder_version=&#8221;4.10.4&#8243; _module_preset=&#8221;default&#8221; global_colors_info=&#8221;{}&#8221;][et_pb_image src=&#8221;https:\/\/divi.webzy.pro\/gasmaskmonkart\/wp-content\/uploads\/sites\/192\/2021\/11\/7-scaled.jpg&#8221; title_text=&#8221;7&#8243; _builder_version=&#8221;4.10.4&#8243; _module_preset=&#8221;default&#8221; global_colors_info=&#8221;{}&#8221;][\/et_pb_image][\/et_pb_column][\/et_pb_row][et_pb_row _builder_version=&#8221;4.10.4&#8243; _module_preset=&#8221;default&#8221; global_colors_info=&#8221;{}&#8221;][et_pb_column type=&#8221;4_4&#8243; _builder_version=&#8221;4.10.4&#8243; _module_preset=&#8221;default&#8221; global_colors_info=&#8221;{}&#8221;][et_pb_text _builder_version=&#8221;4.10.4&#8243; _module_preset=&#8221;default&#8221; global_colors_info=&#8221;{}&#8221;]<\/p>\n<h1>Breathtaking artwork 5<\/h1>\n<p>[\/et_pb_text][\/et_pb_column][\/et_pb_row][et_pb_row _builder_version=&#8221;4.10.4&#8243; _module_preset=&#8221;default&#8221; global_colors_info=&#8221;{}&#8221;][et_pb_column type=&#8221;4_4&#8243; _builder_version=&#8221;4.10.4&#8243; _module_preset=&#8221;default&#8221; global_colors_info=&#8221;{}&#8221;][et_pb_image src=&#8221;https:\/\/divi.webzy.pro\/gasmaskmonkart\/wp-content\/uploads\/sites\/192\/2021\/11\/36-scaled.jpg&#8221; title_text=&#8221;36&#8243; _builder_version=&#8221;4.10.4&#8243; _module_preset=&#8221;default&#8221; global_colors_info=&#8221;{}&#8221;][\/et_pb_image][\/et_pb_column][\/et_pb_row][et_pb_row _builder_version=&#8221;4.10.4&#8243; _module_preset=&#8221;default&#8221; global_colors_info=&#8221;{}&#8221;][et_pb_column type=&#8221;4_4&#8243; _builder_version=&#8221;4.10.4&#8243; _module_preset=&#8221;default&#8221; global_colors_info=&#8221;{}&#8221;][et_pb_text _builder_version=&#8221;4.10.4&#8243; _module_preset=&#8221;default&#8221; global_colors_info=&#8221;{}&#8221;]<\/p>\n<h1>Breathtaking artwork 6<\/h1>\n<p>[\/et_pb_text][\/et_pb_column][\/et_pb_row][et_pb_row _builder_version=&#8221;4.10.4&#8243; _module_preset=&#8221;default&#8221; global_colors_info=&#8221;{}&#8221;][et_pb_column type=&#8221;4_4&#8243; _builder_version=&#8221;4.10.4&#8243; _module_preset=&#8221;default&#8221; global_colors_info=&#8221;{}&#8221;][et_pb_image src=&#8221;https:\/\/divi.webzy.pro\/gasmaskmonkart\/wp-content\/uploads\/sites\/192\/2021\/11\/41-scaled.jpg&#8221; title_text=&#8221;41&#8243; _builder_version=&#8221;4.10.4&#8243; _module_preset=&#8221;default&#8221; global_colors_info=&#8221;{}&#8221;][\/et_pb_image][\/et_pb_column][\/et_pb_row][\/et_pb_section]<\/p>\n<span class=\"et_bloom_bottom_trigger\"><\/span>","protected":false},"excerpt":{"rendered":"<p>You woke up in the middle of the dream realizing there are crop circles on the carpet and the paintings on the wall started breathingBreathtaking artwork 1Breathtaking artwork 2Breathtaking artwork 3Breathtaking artwork 4Breathtaking artwork 5Breathtaking artwork 6<\/p>\n","protected":false},"author":160,"featured_media":0,"parent":0,"menu_order":0,"comment_status":"closed","ping_status":"closed","template":"","meta":{"_et_pb_use_builder":"on","_et_pb_old_content":"<!-- wp:divi\/placeholder \/-->","_et_gb_content_width":"","footnotes":""},"class_list":["post-25","page","type-page","status-publish","hentry"],"yoast_head":"<!-- This site is optimized with the Yoast SEO plugin v23.8 - https:\/\/yoast.com\/wordpress\/plugins\/seo\/ -->\n<title>breathtakingartwork psychedelicphotomanipulation psychedelicnft<\/title>\n<meta name=\"description\" content=\"You woke up in the middle of the dream realizing there are crop circles on the carpet and the artworks on the wall started breathing\" \/>\n<meta name=\"robots\" content=\"index, follow, max-snippet:-1, max-image-preview:large, max-video-preview:-1\" \/>\n<link rel=\"canonical\" href=\"https:\/\/divi.webzy.pro\/gasmaskmonkart\/breathtakingartwork\/\" \/>\n<meta property=\"og:locale\" content=\"et_EE\" \/>\n<meta property=\"og:type\" content=\"article\" \/>\n<meta property=\"og:title\" content=\"breathtakingartwork psychedelicphotomanipulation psychedelicnft\" \/>\n<meta property=\"og:description\" content=\"You woke up in the middle of the dream realizing there are crop circles on the carpet and the artworks on the wall started breathing\" \/>\n<meta property=\"og:url\" content=\"https:\/\/divi.webzy.pro\/gasmaskmonkart\/breathtakingartwork\/\" \/>\n<meta property=\"og:site_name\" content=\"M\u00e4rt Laanem\u00e4e gallery\" \/>\n<meta property=\"article:modified_time\" content=\"2021-11-19T07:59:21+00:00\" \/>\n<meta name=\"twitter:card\" content=\"summary_large_image\" \/>\n<meta name=\"twitter:label1\" content=\"Est. reading time\" \/>\n\t<meta name=\"twitter:data1\" content=\"1 minut\" \/>\n<script type=\"application\/ld+json\" class=\"yoast-schema-graph\">{\"@context\":\"https:\/\/schema.org\",\"@graph\":[{\"@type\":\"WebPage\",\"@id\":\"https:\/\/divi.webzy.pro\/gasmaskmonkart\/breathtakingartwork\/\",\"url\":\"https:\/\/divi.webzy.pro\/gasmaskmonkart\/breathtakingartwork\/\",\"name\":\"breathtakingartwork psychedelicphotomanipulation psychedelicnft\",\"isPartOf\":{\"@id\":\"https:\/\/divi.webzy.pro\/gasmaskmonkart\/#website\"},\"datePublished\":\"2021-11-18T08:45:27+00:00\",\"dateModified\":\"2021-11-19T07:59:21+00:00\",\"description\":\"You woke up in the middle of the dream realizing there are crop circles on the carpet and the artworks on the wall started breathing\",\"breadcrumb\":{\"@id\":\"https:\/\/divi.webzy.pro\/gasmaskmonkart\/breathtakingartwork\/#breadcrumb\"},\"inLanguage\":\"et\",\"potentialAction\":[{\"@type\":\"ReadAction\",\"target\":[\"https:\/\/divi.webzy.pro\/gasmaskmonkart\/breathtakingartwork\/\"]}]},{\"@type\":\"BreadcrumbList\",\"@id\":\"https:\/\/divi.webzy.pro\/gasmaskmonkart\/breathtakingartwork\/#breadcrumb\",\"itemListElement\":[{\"@type\":\"ListItem\",\"position\":1,\"name\":\"Home\",\"item\":\"https:\/\/divi.webzy.pro\/gasmaskmonkart\/\"},{\"@type\":\"ListItem\",\"position\":2,\"name\":\"Breathtaking artwork\"}]},{\"@type\":\"WebSite\",\"@id\":\"https:\/\/divi.webzy.pro\/gasmaskmonkart\/#website\",\"url\":\"https:\/\/divi.webzy.pro\/gasmaskmonkart\/\",\"name\":\"M\u00e4rt Laanem\u00e4e gallery\",\"description\":\"J\u00e4rjekordne Website 5 minutiga veebileht\",\"potentialAction\":[{\"@type\":\"SearchAction\",\"target\":{\"@type\":\"EntryPoint\",\"urlTemplate\":\"https:\/\/divi.webzy.pro\/gasmaskmonkart\/?s={search_term_string}\"},\"query-input\":{\"@type\":\"PropertyValueSpecification\",\"valueRequired\":true,\"valueName\":\"search_term_string\"}}],\"inLanguage\":\"et\"}]}<\/script>\n<!-- \/ Yoast SEO plugin. -->","yoast_head_json":{"title":"breathtakingartwork psychedelicphotomanipulation psychedelicnft","description":"You woke up in the middle of the dream realizing there are crop circles on the carpet and the artworks on the wall started breathing","robots":{"index":"index","follow":"follow","max-snippet":"max-snippet:-1","max-image-preview":"max-image-preview:large","max-video-preview":"max-video-preview:-1"},"canonical":"https:\/\/divi.webzy.pro\/gasmaskmonkart\/breathtakingartwork\/","og_locale":"et_EE","og_type":"article","og_title":"breathtakingartwork psychedelicphotomanipulation psychedelicnft","og_description":"You woke up in the middle of the dream realizing there are crop circles on the carpet and the artworks on the wall started breathing","og_url":"https:\/\/divi.webzy.pro\/gasmaskmonkart\/breathtakingartwork\/","og_site_name":"M\u00e4rt Laanem\u00e4e gallery","article_modified_time":"2021-11-19T07:59:21+00:00","twitter_card":"summary_large_image","twitter_misc":{"Est. reading time":"1 minut"},"schema":{"@context":"https:\/\/schema.org","@graph":[{"@type":"WebPage","@id":"https:\/\/divi.webzy.pro\/gasmaskmonkart\/breathtakingartwork\/","url":"https:\/\/divi.webzy.pro\/gasmaskmonkart\/breathtakingartwork\/","name":"breathtakingartwork psychedelicphotomanipulation psychedelicnft","isPartOf":{"@id":"https:\/\/divi.webzy.pro\/gasmaskmonkart\/#website"},"datePublished":"2021-11-18T08:45:27+00:00","dateModified":"2021-11-19T07:59:21+00:00","description":"You woke up in the middle of the dream realizing there are crop circles on the carpet and the artworks on the wall started breathing","breadcrumb":{"@id":"https:\/\/divi.webzy.pro\/gasmaskmonkart\/breathtakingartwork\/#breadcrumb"},"inLanguage":"et","potentialAction":[{"@type":"ReadAction","target":["https:\/\/divi.webzy.pro\/gasmaskmonkart\/breathtakingartwork\/"]}]},{"@type":"BreadcrumbList","@id":"https:\/\/divi.webzy.pro\/gasmaskmonkart\/breathtakingartwork\/#breadcrumb","itemListElement":[{"@type":"ListItem","position":1,"name":"Home","item":"https:\/\/divi.webzy.pro\/gasmaskmonkart\/"},{"@type":"ListItem","position":2,"name":"Breathtaking artwork"}]},{"@type":"WebSite","@id":"https:\/\/divi.webzy.pro\/gasmaskmonkart\/#website","url":"https:\/\/divi.webzy.pro\/gasmaskmonkart\/","name":"M\u00e4rt Laanem\u00e4e gallery","description":"J\u00e4rjekordne Website 5 minutiga veebileht","potentialAction":[{"@type":"SearchAction","target":{"@type":"EntryPoint","urlTemplate":"https:\/\/divi.webzy.pro\/gasmaskmonkart\/?s={search_term_string}"},"query-input":{"@type":"PropertyValueSpecification","valueRequired":true,"valueName":"search_term_string"}}],"inLanguage":"et"}]}},"_links":{"self":[{"href":"https:\/\/divi.webzy.pro\/gasmaskmonkart\/wp-json\/wp\/v2\/pages\/25","targetHints":{"allow":["GET"]}}],"collection":[{"href":"https:\/\/divi.webzy.pro\/gasmaskmonkart\/wp-json\/wp\/v2\/pages"}],"about":[{"href":"https:\/\/divi.webzy.pro\/gasmaskmonkart\/wp-json\/wp\/v2\/types\/page"}],"author":[{"embeddable":true,"href":"https:\/\/divi.webzy.pro\/gasmaskmonkart\/wp-json\/wp\/v2\/users\/160"}],"replies":[{"embeddable":true,"href":"https:\/\/divi.webzy.pro\/gasmaskmonkart\/wp-json\/wp\/v2\/comments?post=25"}],"version-history":[{"count":15,"href":"https:\/\/divi.webzy.pro\/gasmaskmonkart\/wp-json\/wp\/v2\/pages\/25\/revisions"}],"predecessor-version":[{"id":273,"href":"https:\/\/divi.webzy.pro\/gasmaskmonkart\/wp-json\/wp\/v2\/pages\/25\/revisions\/273"}],"wp:attachment":[{"href":"https:\/\/divi.webzy.pro\/gasmaskmonkart\/wp-json\/wp\/v2\/media?parent=25"}],"curies":[{"name":"wp","href":"https:\/\/api.w.org\/{rel}","templated":true}]}}