{"id":64,"date":"2021-11-18T09:35:09","date_gmt":"2021-11-18T09:35:09","guid":{"rendered":"https:\/\/divi.webzy.pro\/gasmaskmonkart\/?page_id=64"},"modified":"2021-11-18T10:03:17","modified_gmt":"2021-11-18T10:03:17","slug":"price-inquiry","status":"publish","type":"page","link":"https:\/\/divi.webzy.pro\/gasmaskmonkart\/price-inquiry\/","title":{"rendered":"Price inquiry"},"content":{"rendered":"<p>[et_pb_section fb_built=&#8221;1&#8243; admin_label=&#8221;Footer Section&#8221; _builder_version=&#8221;4.10.4&#8243; custom_padding=&#8221;110px||110px|&#8221; locked=&#8221;off&#8221; global_colors_info=&#8221;{}&#8221;][et_pb_row column_structure=&#8221;1_3,2_3&#8243; admin_label=&#8221;Footer Area&#8221; _builder_version=&#8221;4.9.4&#8243; hover_enabled=&#8221;0&#8243; global_colors_info=&#8221;{}&#8221; sticky_enabled=&#8221;0&#8243;][et_pb_column type=&#8221;1_3&#8243; _builder_version=&#8221;3.25&#8243; custom_padding=&#8221;|||&#8221; global_colors_info=&#8221;{}&#8221; custom_padding__hover=&#8221;|||&#8221;][et_pb_text admin_label=&#8221;Title&#8221; _builder_version=&#8221;4.10.4&#8243; text_font=&#8221;||||||||&#8221; header_font=&#8221;||||||||&#8221; header_2_font=&#8221;Alice||||||||&#8221; header_2_font_size=&#8221;36px&#8221; animation_style=&#8221;fold&#8221; animation_direction=&#8221;left&#8221; animation_intensity_fold=&#8221;20%&#8221; animation_starting_opacity=&#8221;100%&#8221; global_colors_info=&#8221;{}&#8221;]<\/p>\n<h2>Contact us<\/h2>\n<p>[\/et_pb_text][et_pb_blurb title=&#8221;Aadress&#8221; admin_label=&#8221;Address&#8221; _builder_version=&#8221;4.9.4&#8243; header_font=&#8221;|600|||||||&#8221; header_font_size=&#8221;16px&#8221; header_line_height=&#8221;1.8em&#8221; body_font=&#8221;||||||||&#8221; body_font_size=&#8221;16px&#8221; body_line_height=&#8221;1.8em&#8221; animation_style=&#8221;fold&#8221; animation_direction=&#8221;left&#8221; animation_intensity_fold=&#8221;20%&#8221; animation_starting_opacity=&#8221;100%&#8221; global_colors_info=&#8221;{}&#8221;]<\/p>\n<p>P\u00f5rguv\u00e4lja tee 666<br \/>\u00a0Eesti<\/p>\n<p>[\/et_pb_blurb][et_pb_blurb title=&#8221;Contact&#8221; admin_label=&#8221;Address&#8221; _builder_version=&#8221;4.10.4&#8243; header_font=&#8221;|600|||||||&#8221; header_font_size=&#8221;16px&#8221; header_line_height=&#8221;1.8em&#8221; body_font=&#8221;||||||||&#8221; body_font_size=&#8221;16px&#8221; body_line_height=&#8221;1.8em&#8221; animation_style=&#8221;fold&#8221; animation_direction=&#8221;left&#8221; animation_intensity_fold=&#8221;20%&#8221; animation_starting_opacity=&#8221;100%&#8221; global_colors_info=&#8221;{}&#8221;]<\/p>\n<p>gasmaskmonkart@gmail.com<\/p>\n<p>[\/et_pb_blurb][\/et_pb_column][et_pb_column type=&#8221;2_3&#8243; _builder_version=&#8221;3.25&#8243; custom_padding=&#8221;|||&#8221; global_colors_info=&#8221;{}&#8221; custom_padding__hover=&#8221;|||&#8221;][et_pb_contact_form captcha=&#8221;off&#8221; title=&#8221;Im happy to answer all the questions&#8221; submit_button_text=&#8221;Point it at me&#8221; module_id=&#8221;et_pb_contact_form_0&#8243; _builder_version=&#8221;4.10.4&#8243; form_field_background_color=&#8221;rgba(255,255,255,0)&#8221; title_font=&#8221;Alice||||||||&#8221; title_font_size=&#8221;36px&#8221; form_field_font=&#8221;||||||||&#8221; form_field_font_size=&#8221;16px&#8221; custom_button=&#8221;on&#8221; button_text_size=&#8221;14px&#8221; button_text_color=&#8221;#2a2a2a&#8221; button_bg_color=&#8221;#e0c588&#8243; button_border_width=&#8221;12px&#8221; button_border_color=&#8221;#e0c588&#8243; button_border_radius=&#8221;30px&#8221; button_letter_spacing=&#8221;2px&#8221; button_font=&#8221;Poppins|600||on|||||&#8221; button_use_icon=&#8221;off&#8221; animation_style=&#8221;fade&#8221; hover_enabled=&#8221;0&#8243; border_width_all=&#8221;1px&#8221; border_color_all=&#8221;rgba(0,0,0,0.12)&#8221; form_background_color=&#8221;rgba(255,255,255,0)&#8221; global_colors_info=&#8221;{}&#8221; button_text_color_hover=&#8221;#2a2a2a&#8221; button_bg_color_hover=&#8221;#e0c588&#8243; button_border_color_hover=&#8221;#e0c588&#8243; button_border_radius_hover=&#8221;30px&#8221; button_letter_spacing_hover=&#8221;2px&#8221; sticky_enabled=&#8221;0&#8243; email=&#8221;gasmaskmonkart@gmail.com&#8221; success_message=&#8221;Thank you!&#8221;][et_pb_contact_field field_id=&#8221;Name&#8221; field_title=&#8221;Name&#8221; _builder_version=&#8221;4.10.4&#8243; form_field_font=&#8221;||||||||&#8221; global_colors_info=&#8221;{}&#8221; button_text_size__hover_enabled=&#8221;off&#8221; button_one_text_size__hover_enabled=&#8221;off&#8221; button_two_text_size__hover_enabled=&#8221;off&#8221; button_text_color__hover_enabled=&#8221;off&#8221; button_one_text_color__hover_enabled=&#8221;off&#8221; button_two_text_color__hover_enabled=&#8221;off&#8221; button_border_width__hover_enabled=&#8221;off&#8221; button_one_border_width__hover_enabled=&#8221;off&#8221; button_two_border_width__hover_enabled=&#8221;off&#8221; button_border_color__hover_enabled=&#8221;off&#8221; button_one_border_color__hover_enabled=&#8221;off&#8221; button_two_border_color__hover_enabled=&#8221;off&#8221; button_border_radius__hover_enabled=&#8221;off&#8221; button_one_border_radius__hover_enabled=&#8221;off&#8221; button_two_border_radius__hover_enabled=&#8221;off&#8221; button_letter_spacing__hover_enabled=&#8221;off&#8221; button_one_letter_spacing__hover_enabled=&#8221;off&#8221; button_two_letter_spacing__hover_enabled=&#8221;off&#8221; button_bg_color__hover_enabled=&#8221;off&#8221; button_one_bg_color__hover_enabled=&#8221;off&#8221; button_two_bg_color__hover_enabled=&#8221;off&#8221;][\/et_pb_contact_field][et_pb_contact_field field_id=&#8221;Email&#8221; field_title=&#8221;Email&#8221; field_type=&#8221;email&#8221; _builder_version=&#8221;4.10.4&#8243; hover_enabled=&#8221;0&#8243; global_colors_info=&#8221;{}&#8221; button_text_size__hover_enabled=&#8221;off&#8221; button_one_text_size__hover_enabled=&#8221;off&#8221; button_two_text_size__hover_enabled=&#8221;off&#8221; button_text_color__hover_enabled=&#8221;off&#8221; button_one_text_color__hover_enabled=&#8221;off&#8221; button_two_text_color__hover_enabled=&#8221;off&#8221; button_border_width__hover_enabled=&#8221;off&#8221; button_one_border_width__hover_enabled=&#8221;off&#8221; button_two_border_width__hover_enabled=&#8221;off&#8221; button_border_color__hover_enabled=&#8221;off&#8221; button_one_border_color__hover_enabled=&#8221;off&#8221; button_two_border_color__hover_enabled=&#8221;off&#8221; button_border_radius__hover_enabled=&#8221;off&#8221; button_one_border_radius__hover_enabled=&#8221;off&#8221; button_two_border_radius__hover_enabled=&#8221;off&#8221; button_letter_spacing__hover_enabled=&#8221;off&#8221; button_one_letter_spacing__hover_enabled=&#8221;off&#8221; button_two_letter_spacing__hover_enabled=&#8221;off&#8221; button_bg_color__hover_enabled=&#8221;off&#8221; button_one_bg_color__hover_enabled=&#8221;off&#8221; button_two_bg_color__hover_enabled=&#8221;off&#8221; sticky_enabled=&#8221;0&#8243;][\/et_pb_contact_field][et_pb_contact_field field_id=&#8221;Message&#8221; field_title=&#8221;Enter questions here&#8221; field_type=&#8221;text&#8221; fullwidth_field=&#8221;on&#8221; _builder_version=&#8221;4.10.4&#8243; global_colors_info=&#8221;{}&#8221; button_text_size__hover_enabled=&#8221;off&#8221; button_one_text_size__hover_enabled=&#8221;off&#8221; button_two_text_size__hover_enabled=&#8221;off&#8221; button_text_color__hover_enabled=&#8221;off&#8221; button_one_text_color__hover_enabled=&#8221;off&#8221; button_two_text_color__hover_enabled=&#8221;off&#8221; button_border_width__hover_enabled=&#8221;off&#8221; button_one_border_width__hover_enabled=&#8221;off&#8221; button_two_border_width__hover_enabled=&#8221;off&#8221; button_border_color__hover_enabled=&#8221;off&#8221; button_one_border_color__hover_enabled=&#8221;off&#8221; button_two_border_color__hover_enabled=&#8221;off&#8221; button_border_radius__hover_enabled=&#8221;off&#8221; button_one_border_radius__hover_enabled=&#8221;off&#8221; button_two_border_radius__hover_enabled=&#8221;off&#8221; button_letter_spacing__hover_enabled=&#8221;off&#8221; button_one_letter_spacing__hover_enabled=&#8221;off&#8221; button_two_letter_spacing__hover_enabled=&#8221;off&#8221; button_bg_color__hover_enabled=&#8221;off&#8221; button_one_bg_color__hover_enabled=&#8221;off&#8221; button_two_bg_color__hover_enabled=&#8221;off&#8221;][\/et_pb_contact_field][\/et_pb_contact_form][\/et_pb_column][\/et_pb_row][\/et_pb_section]<\/p>\n<span class=\"et_bloom_bottom_trigger\"><\/span>","protected":false},"excerpt":{"rendered":"<p>Contact usP\u00f5rguv\u00e4lja tee 666\u00a0Eestigasmaskmonkart@gmail.com<\/p>\n","protected":false},"author":160,"featured_media":0,"parent":0,"menu_order":0,"comment_status":"closed","ping_status":"closed","template":"","meta":{"_et_pb_use_builder":"on","_et_pb_old_content":"<!-- wp:divi\/placeholder \/-->","_et_gb_content_width":"","footnotes":""},"class_list":["post-64","page","type-page","status-publish","hentry"],"yoast_head":"<!-- This site is optimized with the Yoast SEO plugin v23.8 - https:\/\/yoast.com\/wordpress\/plugins\/seo\/ -->\n<title>Price inquiry - M\u00e4rt Laanem\u00e4e gallery<\/title>\n<meta name=\"robots\" content=\"index, follow, max-snippet:-1, max-image-preview:large, max-video-preview:-1\" \/>\n<link rel=\"canonical\" href=\"https:\/\/divi.webzy.pro\/gasmaskmonkart\/price-inquiry\/\" \/>\n<meta property=\"og:locale\" content=\"et_EE\" \/>\n<meta property=\"og:type\" content=\"article\" \/>\n<meta property=\"og:title\" content=\"Price inquiry - M\u00e4rt Laanem\u00e4e gallery\" \/>\n<meta property=\"og:description\" content=\"Contact usP\u00f5rguv\u00e4lja tee 666\u00a0Eestigasmaskmonkart@gmail.com\" \/>\n<meta property=\"og:url\" content=\"https:\/\/divi.webzy.pro\/gasmaskmonkart\/price-inquiry\/\" \/>\n<meta property=\"og:site_name\" content=\"M\u00e4rt Laanem\u00e4e gallery\" \/>\n<meta property=\"article:modified_time\" content=\"2021-11-18T10:03:17+00:00\" \/>\n<meta name=\"twitter:card\" content=\"summary_large_image\" \/>\n<script type=\"application\/ld+json\" class=\"yoast-schema-graph\">{\"@context\":\"https:\/\/schema.org\",\"@graph\":[{\"@type\":\"WebPage\",\"@id\":\"https:\/\/divi.webzy.pro\/gasmaskmonkart\/price-inquiry\/\",\"url\":\"https:\/\/divi.webzy.pro\/gasmaskmonkart\/price-inquiry\/\",\"name\":\"Price inquiry - M\u00e4rt Laanem\u00e4e gallery\",\"isPartOf\":{\"@id\":\"https:\/\/divi.webzy.pro\/gasmaskmonkart\/#website\"},\"datePublished\":\"2021-11-18T09:35:09+00:00\",\"dateModified\":\"2021-11-18T10:03:17+00:00\",\"breadcrumb\":{\"@id\":\"https:\/\/divi.webzy.pro\/gasmaskmonkart\/price-inquiry\/#breadcrumb\"},\"inLanguage\":\"et\",\"potentialAction\":[{\"@type\":\"ReadAction\",\"target\":[\"https:\/\/divi.webzy.pro\/gasmaskmonkart\/price-inquiry\/\"]}]},{\"@type\":\"BreadcrumbList\",\"@id\":\"https:\/\/divi.webzy.pro\/gasmaskmonkart\/price-inquiry\/#breadcrumb\",\"itemListElement\":[{\"@type\":\"ListItem\",\"position\":1,\"name\":\"Home\",\"item\":\"https:\/\/divi.webzy.pro\/gasmaskmonkart\/\"},{\"@type\":\"ListItem\",\"position\":2,\"name\":\"Price inquiry\"}]},{\"@type\":\"WebSite\",\"@id\":\"https:\/\/divi.webzy.pro\/gasmaskmonkart\/#website\",\"url\":\"https:\/\/divi.webzy.pro\/gasmaskmonkart\/\",\"name\":\"M\u00e4rt Laanem\u00e4e gallery\",\"description\":\"J\u00e4rjekordne Website 5 minutiga veebileht\",\"potentialAction\":[{\"@type\":\"SearchAction\",\"target\":{\"@type\":\"EntryPoint\",\"urlTemplate\":\"https:\/\/divi.webzy.pro\/gasmaskmonkart\/?s={search_term_string}\"},\"query-input\":{\"@type\":\"PropertyValueSpecification\",\"valueRequired\":true,\"valueName\":\"search_term_string\"}}],\"inLanguage\":\"et\"}]}<\/script>\n<!-- \/ Yoast SEO plugin. -->","yoast_head_json":{"title":"Price inquiry - M\u00e4rt Laanem\u00e4e gallery","robots":{"index":"index","follow":"follow","max-snippet":"max-snippet:-1","max-image-preview":"max-image-preview:large","max-video-preview":"max-video-preview:-1"},"canonical":"https:\/\/divi.webzy.pro\/gasmaskmonkart\/price-inquiry\/","og_locale":"et_EE","og_type":"article","og_title":"Price inquiry - M\u00e4rt Laanem\u00e4e gallery","og_description":"Contact usP\u00f5rguv\u00e4lja tee 666\u00a0Eestigasmaskmonkart@gmail.com","og_url":"https:\/\/divi.webzy.pro\/gasmaskmonkart\/price-inquiry\/","og_site_name":"M\u00e4rt Laanem\u00e4e gallery","article_modified_time":"2021-11-18T10:03:17+00:00","twitter_card":"summary_large_image","schema":{"@context":"https:\/\/schema.org","@graph":[{"@type":"WebPage","@id":"https:\/\/divi.webzy.pro\/gasmaskmonkart\/price-inquiry\/","url":"https:\/\/divi.webzy.pro\/gasmaskmonkart\/price-inquiry\/","name":"Price inquiry - M\u00e4rt Laanem\u00e4e gallery","isPartOf":{"@id":"https:\/\/divi.webzy.pro\/gasmaskmonkart\/#website"},"datePublished":"2021-11-18T09:35:09+00:00","dateModified":"2021-11-18T10:03:17+00:00","breadcrumb":{"@id":"https:\/\/divi.webzy.pro\/gasmaskmonkart\/price-inquiry\/#breadcrumb"},"inLanguage":"et","potentialAction":[{"@type":"ReadAction","target":["https:\/\/divi.webzy.pro\/gasmaskmonkart\/price-inquiry\/"]}]},{"@type":"BreadcrumbList","@id":"https:\/\/divi.webzy.pro\/gasmaskmonkart\/price-inquiry\/#breadcrumb","itemListElement":[{"@type":"ListItem","position":1,"name":"Home","item":"https:\/\/divi.webzy.pro\/gasmaskmonkart\/"},{"@type":"ListItem","position":2,"name":"Price inquiry"}]},{"@type":"WebSite","@id":"https:\/\/divi.webzy.pro\/gasmaskmonkart\/#website","url":"https:\/\/divi.webzy.pro\/gasmaskmonkart\/","name":"M\u00e4rt Laanem\u00e4e gallery","description":"J\u00e4rjekordne Website 5 minutiga veebileht","potentialAction":[{"@type":"SearchAction","target":{"@type":"EntryPoint","urlTemplate":"https:\/\/divi.webzy.pro\/gasmaskmonkart\/?s={search_term_string}"},"query-input":{"@type":"PropertyValueSpecification","valueRequired":true,"valueName":"search_term_string"}}],"inLanguage":"et"}]}},"_links":{"self":[{"href":"https:\/\/divi.webzy.pro\/gasmaskmonkart\/wp-json\/wp\/v2\/pages\/64","targetHints":{"allow":["GET"]}}],"collection":[{"href":"https:\/\/divi.webzy.pro\/gasmaskmonkart\/wp-json\/wp\/v2\/pages"}],"about":[{"href":"https:\/\/divi.webzy.pro\/gasmaskmonkart\/wp-json\/wp\/v2\/types\/page"}],"author":[{"embeddable":true,"href":"https:\/\/divi.webzy.pro\/gasmaskmonkart\/wp-json\/wp\/v2\/users\/160"}],"replies":[{"embeddable":true,"href":"https:\/\/divi.webzy.pro\/gasmaskmonkart\/wp-json\/wp\/v2\/comments?post=64"}],"version-history":[{"count":6,"href":"https:\/\/divi.webzy.pro\/gasmaskmonkart\/wp-json\/wp\/v2\/pages\/64\/revisions"}],"predecessor-version":[{"id":249,"href":"https:\/\/divi.webzy.pro\/gasmaskmonkart\/wp-json\/wp\/v2\/pages\/64\/revisions\/249"}],"wp:attachment":[{"href":"https:\/\/divi.webzy.pro\/gasmaskmonkart\/wp-json\/wp\/v2\/media?parent=64"}],"curies":[{"name":"wp","href":"https:\/\/api.w.org\/{rel}","templated":true}]}}