{"id":285,"date":"2022-01-02T13:02:43","date_gmt":"2022-01-02T13:02:43","guid":{"rendered":"https:\/\/divi.webzy.pro\/gerdajy\/?page_id=285"},"modified":"2022-01-02T13:03:47","modified_gmt":"2022-01-02T13:03:47","slug":"aitah-leht","status":"publish","type":"page","link":"https:\/\/divi.webzy.pro\/gerdajy\/aitah-leht\/","title":{"rendered":"Ait\u00e4h-leht"},"content":{"rendered":"<p>[et_pb_section fb_built=&#8221;1&#8243; _builder_version=&#8221;4.10.4&#8243; _module_preset=&#8221;default&#8221;][et_pb_row _builder_version=&#8221;4.10.4&#8243; _module_preset=&#8221;default&#8221;][et_pb_column _builder_version=&#8221;4.10.4&#8243; _module_preset=&#8221;default&#8221; type=&#8221;4_4&#8243;][et_pb_text _builder_version=&#8221;4.10.4&#8243; _module_preset=&#8221;default&#8221; hover_enabled=&#8221;0&#8243; sticky_enabled=&#8221;0&#8243;]<\/p>\n<h2>Ait\u00e4h, sain Su kirja k\u00e4tte ja vastan ASAP \ud83d\ude42<\/h2>\n<p>[\/et_pb_text][\/et_pb_column][\/et_pb_row][\/et_pb_section]<\/p>\n<span class=\"et_bloom_bottom_trigger\"><\/span>","protected":false},"excerpt":{"rendered":"<p>Ait\u00e4h, sain Su kirja k\u00e4tte ja vastan ASAP \ud83d\ude42<\/p>\n","protected":false},"author":198,"featured_media":0,"parent":0,"menu_order":0,"comment_status":"closed","ping_status":"closed","template":"","meta":{"_et_pb_use_builder":"on","_et_pb_old_content":"","_et_gb_content_width":"","footnotes":""},"class_list":["post-285","page","type-page","status-publish","hentry"],"yoast_head":"<!-- This site is optimized with the Yoast SEO plugin v23.8 - https:\/\/yoast.com\/wordpress\/plugins\/seo\/ -->\n<title>Ait\u00e4h-leht - Gerda toimetused<\/title>\n<meta name=\"robots\" content=\"index, follow, max-snippet:-1, max-image-preview:large, max-video-preview:-1\" \/>\n<link rel=\"canonical\" href=\"https:\/\/divi.webzy.pro\/gerdajy\/aitah-leht\/\" \/>\n<meta property=\"og:locale\" content=\"et_EE\" \/>\n<meta property=\"og:type\" content=\"article\" \/>\n<meta property=\"og:title\" content=\"Ait\u00e4h-leht - Gerda toimetused\" \/>\n<meta property=\"og:description\" content=\"Ait\u00e4h, sain Su kirja k\u00e4tte ja vastan ASAP \ud83d\ude42\" \/>\n<meta property=\"og:url\" content=\"https:\/\/divi.webzy.pro\/gerdajy\/aitah-leht\/\" \/>\n<meta property=\"og:site_name\" content=\"Gerda toimetused\" \/>\n<meta property=\"article:modified_time\" content=\"2022-01-02T13:03:47+00:00\" \/>\n<meta name=\"twitter:card\" content=\"summary_large_image\" \/>\n<script type=\"application\/ld+json\" class=\"yoast-schema-graph\">{\"@context\":\"https:\/\/schema.org\",\"@graph\":[{\"@type\":\"WebPage\",\"@id\":\"https:\/\/divi.webzy.pro\/gerdajy\/aitah-leht\/\",\"url\":\"https:\/\/divi.webzy.pro\/gerdajy\/aitah-leht\/\",\"name\":\"Ait\u00e4h-leht - Gerda toimetused\",\"isPartOf\":{\"@id\":\"https:\/\/divi.webzy.pro\/gerdajy\/#website\"},\"datePublished\":\"2022-01-02T13:02:43+00:00\",\"dateModified\":\"2022-01-02T13:03:47+00:00\",\"breadcrumb\":{\"@id\":\"https:\/\/divi.webzy.pro\/gerdajy\/aitah-leht\/#breadcrumb\"},\"inLanguage\":\"et\",\"potentialAction\":[{\"@type\":\"ReadAction\",\"target\":[\"https:\/\/divi.webzy.pro\/gerdajy\/aitah-leht\/\"]}]},{\"@type\":\"BreadcrumbList\",\"@id\":\"https:\/\/divi.webzy.pro\/gerdajy\/aitah-leht\/#breadcrumb\",\"itemListElement\":[{\"@type\":\"ListItem\",\"position\":1,\"name\":\"Home\",\"item\":\"https:\/\/divi.webzy.pro\/gerdajy\/\"},{\"@type\":\"ListItem\",\"position\":2,\"name\":\"Ait\u00e4h-leht\"}]},{\"@type\":\"WebSite\",\"@id\":\"https:\/\/divi.webzy.pro\/gerdajy\/#website\",\"url\":\"https:\/\/divi.webzy.pro\/gerdajy\/\",\"name\":\"Gerda toimetused\",\"description\":\"J\u00e4rjekordne Website 5 minutiga veebileht\",\"potentialAction\":[{\"@type\":\"SearchAction\",\"target\":{\"@type\":\"EntryPoint\",\"urlTemplate\":\"https:\/\/divi.webzy.pro\/gerdajy\/?s={search_term_string}\"},\"query-input\":{\"@type\":\"PropertyValueSpecification\",\"valueRequired\":true,\"valueName\":\"search_term_string\"}}],\"inLanguage\":\"et\"}]}<\/script>\n<!-- \/ Yoast SEO plugin. -->","yoast_head_json":{"title":"Ait\u00e4h-leht - Gerda toimetused","robots":{"index":"index","follow":"follow","max-snippet":"max-snippet:-1","max-image-preview":"max-image-preview:large","max-video-preview":"max-video-preview:-1"},"canonical":"https:\/\/divi.webzy.pro\/gerdajy\/aitah-leht\/","og_locale":"et_EE","og_type":"article","og_title":"Ait\u00e4h-leht - Gerda toimetused","og_description":"Ait\u00e4h, sain Su kirja k\u00e4tte ja vastan ASAP \ud83d\ude42","og_url":"https:\/\/divi.webzy.pro\/gerdajy\/aitah-leht\/","og_site_name":"Gerda toimetused","article_modified_time":"2022-01-02T13:03:47+00:00","twitter_card":"summary_large_image","schema":{"@context":"https:\/\/schema.org","@graph":[{"@type":"WebPage","@id":"https:\/\/divi.webzy.pro\/gerdajy\/aitah-leht\/","url":"https:\/\/divi.webzy.pro\/gerdajy\/aitah-leht\/","name":"Ait\u00e4h-leht - Gerda toimetused","isPartOf":{"@id":"https:\/\/divi.webzy.pro\/gerdajy\/#website"},"datePublished":"2022-01-02T13:02:43+00:00","dateModified":"2022-01-02T13:03:47+00:00","breadcrumb":{"@id":"https:\/\/divi.webzy.pro\/gerdajy\/aitah-leht\/#breadcrumb"},"inLanguage":"et","potentialAction":[{"@type":"ReadAction","target":["https:\/\/divi.webzy.pro\/gerdajy\/aitah-leht\/"]}]},{"@type":"BreadcrumbList","@id":"https:\/\/divi.webzy.pro\/gerdajy\/aitah-leht\/#breadcrumb","itemListElement":[{"@type":"ListItem","position":1,"name":"Home","item":"https:\/\/divi.webzy.pro\/gerdajy\/"},{"@type":"ListItem","position":2,"name":"Ait\u00e4h-leht"}]},{"@type":"WebSite","@id":"https:\/\/divi.webzy.pro\/gerdajy\/#website","url":"https:\/\/divi.webzy.pro\/gerdajy\/","name":"Gerda toimetused","description":"J\u00e4rjekordne Website 5 minutiga veebileht","potentialAction":[{"@type":"SearchAction","target":{"@type":"EntryPoint","urlTemplate":"https:\/\/divi.webzy.pro\/gerdajy\/?s={search_term_string}"},"query-input":{"@type":"PropertyValueSpecification","valueRequired":true,"valueName":"search_term_string"}}],"inLanguage":"et"}]}},"_links":{"self":[{"href":"https:\/\/divi.webzy.pro\/gerdajy\/wp-json\/wp\/v2\/pages\/285","targetHints":{"allow":["GET"]}}],"collection":[{"href":"https:\/\/divi.webzy.pro\/gerdajy\/wp-json\/wp\/v2\/pages"}],"about":[{"href":"https:\/\/divi.webzy.pro\/gerdajy\/wp-json\/wp\/v2\/types\/page"}],"author":[{"embeddable":true,"href":"https:\/\/divi.webzy.pro\/gerdajy\/wp-json\/wp\/v2\/users\/198"}],"replies":[{"embeddable":true,"href":"https:\/\/divi.webzy.pro\/gerdajy\/wp-json\/wp\/v2\/comments?post=285"}],"version-history":[{"count":2,"href":"https:\/\/divi.webzy.pro\/gerdajy\/wp-json\/wp\/v2\/pages\/285\/revisions"}],"predecessor-version":[{"id":287,"href":"https:\/\/divi.webzy.pro\/gerdajy\/wp-json\/wp\/v2\/pages\/285\/revisions\/287"}],"wp:attachment":[{"href":"https:\/\/divi.webzy.pro\/gerdajy\/wp-json\/wp\/v2\/media?parent=285"}],"curies":[{"name":"wp","href":"https:\/\/api.w.org\/{rel}","templated":true}]}}